{"id":290,"date":"2016-05-24T16:06:45","date_gmt":"2016-05-24T16:06:45","guid":{"rendered":"https:\/\/cheerup.theme-sphere.com\/magazine\/?page_id=290"},"modified":"2026-01-22T14:16:31","modified_gmt":"2026-01-22T14:16:31","slug":"contact-me","status":"publish","type":"page","link":"https:\/\/geniocred.com.br\/credito\/contact-me\/","title":{"rendered":"Contato"},"content":{"rendered":"\t\t<div data-elementor-type=\"wp-page\" data-elementor-id=\"290\" class=\"elementor elementor-290\" data-elementor-post-type=\"page\">\n\t\t\t\t\t\t<section class=\"elementor-section elementor-top-section elementor-element elementor-element-3554ce7a elementor-section-boxed elementor-section-height-default elementor-section-height-default\" data-id=\"3554ce7a\" data-element_type=\"section\">\n\t\t\t\t\t\t<div class=\"elementor-container elementor-column-gap-default\">\n\t\t\t\t\t<div class=\"elementor-column elementor-col-100 elementor-top-column elementor-element elementor-element-7e42d87d\" data-id=\"7e42d87d\" data-element_type=\"column\">\n\t\t\t<div class=\"elementor-widget-wrap elementor-element-populated\">\n\t\t\t\t\t\t<div class=\"elementor-element elementor-element-474bb030 elementor-widget elementor-widget-text-editor\" data-id=\"474bb030\" data-element_type=\"widget\" data-widget_type=\"text-editor.default\">\n\t\t\t\t<div class=\"elementor-widget-container\">\n\t\t\t\t\t\t\t<p class=\"body-2 sm:body-1 text-gray-4\">Estamos dispon\u00edveis em diversos canais para ajudar voc\u00ea:<\/p>\n<p><strong>Central de Atendimento: 0800 323 0000 <br \/>E-mail:<\/strong> contato@geniocred.com.br<br \/><strong>Whatsapp: <a href=\"https:\/\/api.whatsapp.com\/send?phone=5511987931156&amp;text=Quero%20saber%20mais%20sobre%20o%20cr%C3%A9dito%20dispon%C3%ADvel.\">11 98793-1156<\/a><\/strong><br \/><strong>Facebook:<\/strong>\u00a0fb.com\/geniocred<br \/><strong>Instagram:<\/strong>\u00a0@geniocred<br \/><strong>Escrit\u00f3rio administrativo:<\/strong> R. Tamandar\u00e9, 140 &#8211; 6 andar | \u00a0Novo Hamburgo\/RS<br \/><strong>Escrit\u00f3rio\u00a0comercial:<\/strong> Av. Ipiranga, 8835 | \u00a0Porto Alegre\/RS<\/p>\n<hr \/>\n<p>\n<div class=\"wpcf7 no-js\" id=\"wpcf7-f3532-o1\" lang=\"en-US\" dir=\"ltr\" data-wpcf7-id=\"3532\">\n<div class=\"screen-reader-response\"><p role=\"status\" aria-live=\"polite\" aria-atomic=\"true\"><\/p> <ul><\/ul><\/div>\n<form action=\"\/credito\/wp-json\/wp\/v2\/pages\/290#wpcf7-f3532-o1\" method=\"post\" class=\"wpcf7-form init\" aria-label=\"Contact form\" novalidate=\"novalidate\" data-status=\"init\">\n<fieldset class=\"hidden-fields-container\"><input type=\"hidden\" name=\"_wpcf7\" value=\"3532\" \/><input type=\"hidden\" name=\"_wpcf7_version\" value=\"6.1.5\" \/><input type=\"hidden\" name=\"_wpcf7_locale\" value=\"en_US\" \/><input type=\"hidden\" name=\"_wpcf7_unit_tag\" value=\"wpcf7-f3532-o1\" \/><input type=\"hidden\" name=\"_wpcf7_container_post\" value=\"0\" \/><input type=\"hidden\" name=\"_wpcf7_posted_data_hash\" value=\"\" \/><input type=\"hidden\" name=\"_wpcf7_recaptcha_response\" value=\"\" \/>\n<\/fieldset>\n<p><label> Seu Nome ou Empresa<br \/>\n<span class=\"wpcf7-form-control-wrap\" data-name=\"your-name\"><input size=\"40\" maxlength=\"400\" class=\"wpcf7-form-control wpcf7-text wpcf7-validates-as-required\" aria-required=\"true\" aria-invalid=\"false\" value=\"\" type=\"text\" name=\"your-name\" \/><\/span> <\/label>\n<\/p>\n<p><label> E-mail<br \/>\n<span class=\"wpcf7-form-control-wrap\" data-name=\"your-email\"><input size=\"40\" maxlength=\"400\" class=\"wpcf7-form-control wpcf7-email wpcf7-validates-as-required wpcf7-text wpcf7-validates-as-email\" aria-required=\"true\" aria-invalid=\"false\" value=\"\" type=\"email\" name=\"your-email\" \/><\/span> <\/label>\n<\/p>\n<p><label> CNPJ<br \/>\n<span class=\"wpcf7-form-control-wrap\" data-name=\"your-subject\"><input size=\"40\" maxlength=\"400\" class=\"wpcf7-form-control wpcf7-text\" aria-invalid=\"false\" value=\"\" type=\"text\" name=\"your-subject\" \/><\/span> <\/label>\n<\/p>\n<p><label> Mensagem<br \/>\n<span class=\"wpcf7-form-control-wrap\" data-name=\"your-message\"><textarea cols=\"40\" rows=\"10\" maxlength=\"2000\" class=\"wpcf7-form-control wpcf7-textarea\" aria-invalid=\"false\" name=\"your-message\"><\/textarea><\/span> <\/label>\n<\/p>\n<p><input class=\"wpcf7-form-control wpcf7-submit has-spinner\" type=\"submit\" value=\"Enviar\" \/>\n<\/p><p style=\"display: none !important;\" class=\"akismet-fields-container\" data-prefix=\"_wpcf7_ak_\"><label>&#916;<textarea name=\"_wpcf7_ak_hp_textarea\" cols=\"45\" rows=\"8\" maxlength=\"100\"><\/textarea><\/label><input type=\"hidden\" id=\"ak_js_1\" name=\"_wpcf7_ak_js\" value=\"27\"\/><script>document.getElementById( \"ak_js_1\" ).setAttribute( \"value\", ( new Date() ).getTime() );<\/script><\/p><div class=\"wpcf7-response-output\" aria-hidden=\"true\"><\/div>\n<\/form>\n<\/div>\n<\/p>\n<!-- wp:separator --><hr class=\"wp-block-separator has-alpha-channel-opacity\" \/><!-- \/wp:separator --><!-- wp:html -->\n<p><iframe style=\"border: 0;\" src=\"https:\/\/www.google.com\/maps\/embed?pb=!1m18!1m12!1m3!1d3453.0912044972324!2d-51.153760924053465!3d-30.062920074914263!2m3!1f0!2f0!3f0!3m2!1i1024!2i768!4f13.1!3m3!1m2!1s0x95199d6587761a07%3A0x7e5c878d53ba1e4e!2sAv.%20Ipiranga%2C%208835%20-%20Jardim%20Bot%C3%A2nico%2C%20Porto%20Alegre%20-%20RS%2C%2091530-001!5e0!3m2!1spt-BR!2sbr!4v1769091301712!5m2!1spt-BR!2sbr\" width=\"1000\" height=\"400\" allowfullscreen=\"allowfullscreen\"><span data-mce-type=\"bookmark\" style=\"display: inline-block; width: 0px; overflow: hidden; line-height: 0;\" class=\"mce_SELRES_start\">\ufeff<\/span><\/iframe><\/p>\n<!-- \/wp:html -->\t\t\t\t\t\t<\/div>\n\t\t\t\t<\/div>\n\t\t\t\t\t<\/div>\n\t\t<\/div>\n\t\t\t\t\t<\/div>\n\t\t<\/section>\n\t\t\t\t<\/div>\n\t\t","protected":false},"excerpt":{"rendered":"<p>Estamos dispon\u00edveis em diversos canais para ajudar voc\u00ea: Central de Atendimento: 0800 323 0000 E-mail: contato@geniocred.com.brWhatsapp: 11 98793-1156Facebook:\u00a0fb.com\/geniocredInstagram:\u00a0@geniocredEscrit\u00f3rio administrativo: R. Tamandar\u00e9, 140 &#8211; 6 andar | \u00a0Novo Hamburgo\/RSEscrit\u00f3rio\u00a0comercial: Av. Ipiranga, 8835 | \u00a0Porto Alegre\/RS \ufeff<\/p>\n","protected":false},"author":1,"featured_media":0,"parent":0,"menu_order":0,"comment_status":"closed","ping_status":"closed","template":"","meta":{"cybocfi_hide_featured_image":"","footnotes":""},"class_list":["post-290","page","type-page","status-publish"],"yoast_head":"<!-- This site is optimized with the Yoast SEO plugin v25.9 - https:\/\/yoast.com\/wordpress\/plugins\/seo\/ -->\n<title>Contato - G\u00eaniocred<\/title>\n<meta name=\"robots\" content=\"index, follow, max-snippet:-1, max-image-preview:large, max-video-preview:-1\" \/>\n<link rel=\"canonical\" href=\"https:\/\/geniocred.com.br\/credito\/contact-me\/\" \/>\n<meta property=\"og:locale\" content=\"pt_BR\" \/>\n<meta property=\"og:type\" content=\"article\" \/>\n<meta property=\"og:title\" content=\"Contato - G\u00eaniocred\" \/>\n<meta property=\"og:description\" content=\"Estamos dispon\u00edveis em diversos canais para ajudar voc\u00ea: Central de Atendimento: 0800 323 0000 E-mail: contato@geniocred.com.brWhatsapp: 11 98793-1156Facebook:\u00a0fb.com\/geniocredInstagram:\u00a0@geniocredEscrit\u00f3rio administrativo: R. Tamandar\u00e9, 140 &#8211; 6 andar | \u00a0Novo Hamburgo\/RSEscrit\u00f3rio\u00a0comercial: Av. Ipiranga, 8835 | \u00a0Porto Alegre\/RS \ufeff\" \/>\n<meta property=\"og:url\" content=\"https:\/\/geniocred.com.br\/credito\/contact-me\/\" \/>\n<meta property=\"og:site_name\" content=\"G\u00eaniocred\" \/>\n<meta property=\"article:publisher\" content=\"https:\/\/www.facebook.com\/geniocred\" \/>\n<meta property=\"article:modified_time\" content=\"2026-01-22T14:16:31+00:00\" \/>\n<meta property=\"og:image\" content=\"https:\/\/geniocred.com.br\/credito\/wp-content\/uploads\/2022\/02\/banner-blog-03-336x280-1.png\" \/>\n\t<meta property=\"og:image:width\" content=\"336\" \/>\n\t<meta property=\"og:image:height\" content=\"280\" \/>\n\t<meta property=\"og:image:type\" content=\"image\/png\" \/>\n<meta name=\"twitter:card\" content=\"summary_large_image\" \/>\n<meta name=\"twitter:label1\" content=\"Est. tempo de leitura\" \/>\n\t<meta name=\"twitter:data1\" content=\"1 minuto\" \/>\n<script type=\"application\/ld+json\" class=\"yoast-schema-graph\">{\"@context\":\"https:\/\/schema.org\",\"@graph\":[{\"@type\":\"WebPage\",\"@id\":\"https:\/\/geniocred.com.br\/credito\/contact-me\/\",\"url\":\"https:\/\/geniocred.com.br\/credito\/contact-me\/\",\"name\":\"Contato - G\u00eaniocred\",\"isPartOf\":{\"@id\":\"https:\/\/geniocred.com.br\/credito\/#website\"},\"datePublished\":\"2016-05-24T16:06:45+00:00\",\"dateModified\":\"2026-01-22T14:16:31+00:00\",\"breadcrumb\":{\"@id\":\"https:\/\/geniocred.com.br\/credito\/contact-me\/#breadcrumb\"},\"inLanguage\":\"pt-BR\",\"potentialAction\":[{\"@type\":\"ReadAction\",\"target\":[\"https:\/\/geniocred.com.br\/credito\/contact-me\/\"]}]},{\"@type\":\"BreadcrumbList\",\"@id\":\"https:\/\/geniocred.com.br\/credito\/contact-me\/#breadcrumb\",\"itemListElement\":[{\"@type\":\"ListItem\",\"position\":1,\"name\":\"In\u00edcio\",\"item\":\"https:\/\/geniocred.com.br\/credito\/\"},{\"@type\":\"ListItem\",\"position\":2,\"name\":\"Contato\"}]},{\"@type\":\"WebSite\",\"@id\":\"https:\/\/geniocred.com.br\/credito\/#website\",\"url\":\"https:\/\/geniocred.com.br\/credito\/\",\"name\":\"G\u00eaniocred - Cr\u00e9dito Empresarial\",\"description\":\"Cr\u00e9dito Empresarial e Agroneg\u00f3cio\",\"publisher\":{\"@id\":\"https:\/\/geniocred.com.br\/credito\/#organization\"},\"alternateName\":\"Geniocred - Cr\u00e9dito para Empresas\",\"potentialAction\":[{\"@type\":\"SearchAction\",\"target\":{\"@type\":\"EntryPoint\",\"urlTemplate\":\"https:\/\/geniocred.com.br\/credito\/?s={search_term_string}\"},\"query-input\":{\"@type\":\"PropertyValueSpecification\",\"valueRequired\":true,\"valueName\":\"search_term_string\"}}],\"inLanguage\":\"pt-BR\"},{\"@type\":\"Organization\",\"@id\":\"https:\/\/geniocred.com.br\/credito\/#organization\",\"name\":\"G\u00eaniocred - Cr\u00e9dito Empresarial\",\"url\":\"https:\/\/geniocred.com.br\/credito\/\",\"logo\":{\"@type\":\"ImageObject\",\"inLanguage\":\"pt-BR\",\"@id\":\"https:\/\/geniocred.com.br\/credito\/#\/schema\/logo\/image\/\",\"url\":\"https:\/\/geniocred.com.br\/blog\/wp-content\/uploads\/2023\/06\/Captura-de-Tela-2023-06-28-as-23.58.21.png\",\"contentUrl\":\"https:\/\/geniocred.com.br\/blog\/wp-content\/uploads\/2023\/06\/Captura-de-Tela-2023-06-28-as-23.58.21.png\",\"width\":916,\"height\":658,\"caption\":\"G\u00eaniocred - Cr\u00e9dito Empresarial\"},\"image\":{\"@id\":\"https:\/\/geniocred.com.br\/credito\/#\/schema\/logo\/image\/\"},\"sameAs\":[\"https:\/\/www.facebook.com\/geniocred\",\"https:\/\/instagram.com\/geniocred\/\",\"https:\/\/www.linkedin.com\/company\/77069759\/\"]}]}<\/script>\n<!-- \/ Yoast SEO plugin. -->","yoast_head_json":{"title":"Contato - G\u00eaniocred","robots":{"index":"index","follow":"follow","max-snippet":"max-snippet:-1","max-image-preview":"max-image-preview:large","max-video-preview":"max-video-preview:-1"},"canonical":"https:\/\/geniocred.com.br\/credito\/contact-me\/","og_locale":"pt_BR","og_type":"article","og_title":"Contato - G\u00eaniocred","og_description":"Estamos dispon\u00edveis em diversos canais para ajudar voc\u00ea: Central de Atendimento: 0800 323 0000 E-mail: contato@geniocred.com.brWhatsapp: 11 98793-1156Facebook:\u00a0fb.com\/geniocredInstagram:\u00a0@geniocredEscrit\u00f3rio administrativo: R. Tamandar\u00e9, 140 &#8211; 6 andar | \u00a0Novo Hamburgo\/RSEscrit\u00f3rio\u00a0comercial: Av. Ipiranga, 8835 | \u00a0Porto Alegre\/RS \ufeff","og_url":"https:\/\/geniocred.com.br\/credito\/contact-me\/","og_site_name":"G\u00eaniocred","article_publisher":"https:\/\/www.facebook.com\/geniocred","article_modified_time":"2026-01-22T14:16:31+00:00","og_image":[{"width":336,"height":280,"url":"https:\/\/geniocred.com.br\/credito\/wp-content\/uploads\/2022\/02\/banner-blog-03-336x280-1.png","type":"image\/png"}],"twitter_card":"summary_large_image","twitter_misc":{"Est. tempo de leitura":"1 minuto"},"schema":{"@context":"https:\/\/schema.org","@graph":[{"@type":"WebPage","@id":"https:\/\/geniocred.com.br\/credito\/contact-me\/","url":"https:\/\/geniocred.com.br\/credito\/contact-me\/","name":"Contato - G\u00eaniocred","isPartOf":{"@id":"https:\/\/geniocred.com.br\/credito\/#website"},"datePublished":"2016-05-24T16:06:45+00:00","dateModified":"2026-01-22T14:16:31+00:00","breadcrumb":{"@id":"https:\/\/geniocred.com.br\/credito\/contact-me\/#breadcrumb"},"inLanguage":"pt-BR","potentialAction":[{"@type":"ReadAction","target":["https:\/\/geniocred.com.br\/credito\/contact-me\/"]}]},{"@type":"BreadcrumbList","@id":"https:\/\/geniocred.com.br\/credito\/contact-me\/#breadcrumb","itemListElement":[{"@type":"ListItem","position":1,"name":"In\u00edcio","item":"https:\/\/geniocred.com.br\/credito\/"},{"@type":"ListItem","position":2,"name":"Contato"}]},{"@type":"WebSite","@id":"https:\/\/geniocred.com.br\/credito\/#website","url":"https:\/\/geniocred.com.br\/credito\/","name":"G\u00eaniocred - Cr\u00e9dito Empresarial","description":"Cr\u00e9dito Empresarial e Agroneg\u00f3cio","publisher":{"@id":"https:\/\/geniocred.com.br\/credito\/#organization"},"alternateName":"Geniocred - Cr\u00e9dito para Empresas","potentialAction":[{"@type":"SearchAction","target":{"@type":"EntryPoint","urlTemplate":"https:\/\/geniocred.com.br\/credito\/?s={search_term_string}"},"query-input":{"@type":"PropertyValueSpecification","valueRequired":true,"valueName":"search_term_string"}}],"inLanguage":"pt-BR"},{"@type":"Organization","@id":"https:\/\/geniocred.com.br\/credito\/#organization","name":"G\u00eaniocred - Cr\u00e9dito Empresarial","url":"https:\/\/geniocred.com.br\/credito\/","logo":{"@type":"ImageObject","inLanguage":"pt-BR","@id":"https:\/\/geniocred.com.br\/credito\/#\/schema\/logo\/image\/","url":"https:\/\/geniocred.com.br\/blog\/wp-content\/uploads\/2023\/06\/Captura-de-Tela-2023-06-28-as-23.58.21.png","contentUrl":"https:\/\/geniocred.com.br\/blog\/wp-content\/uploads\/2023\/06\/Captura-de-Tela-2023-06-28-as-23.58.21.png","width":916,"height":658,"caption":"G\u00eaniocred - Cr\u00e9dito Empresarial"},"image":{"@id":"https:\/\/geniocred.com.br\/credito\/#\/schema\/logo\/image\/"},"sameAs":["https:\/\/www.facebook.com\/geniocred","https:\/\/instagram.com\/geniocred\/","https:\/\/www.linkedin.com\/company\/77069759\/"]}]}},"_links":{"self":[{"href":"https:\/\/geniocred.com.br\/credito\/wp-json\/wp\/v2\/pages\/290","targetHints":{"allow":["GET"]}}],"collection":[{"href":"https:\/\/geniocred.com.br\/credito\/wp-json\/wp\/v2\/pages"}],"about":[{"href":"https:\/\/geniocred.com.br\/credito\/wp-json\/wp\/v2\/types\/page"}],"author":[{"embeddable":true,"href":"https:\/\/geniocred.com.br\/credito\/wp-json\/wp\/v2\/users\/1"}],"replies":[{"embeddable":true,"href":"https:\/\/geniocred.com.br\/credito\/wp-json\/wp\/v2\/comments?post=290"}],"version-history":[{"count":15,"href":"https:\/\/geniocred.com.br\/credito\/wp-json\/wp\/v2\/pages\/290\/revisions"}],"predecessor-version":[{"id":7695,"href":"https:\/\/geniocred.com.br\/credito\/wp-json\/wp\/v2\/pages\/290\/revisions\/7695"}],"wp:attachment":[{"href":"https:\/\/geniocred.com.br\/credito\/wp-json\/wp\/v2\/media?parent=290"}],"curies":[{"name":"wp","href":"https:\/\/api.w.org\/{rel}","templated":true}]}}